{"id":294,"date":"2021-02-07T12:40:58","date_gmt":"2021-02-07T11:40:58","guid":{"rendered":"https:\/\/verhaltens-hypnosetherapie-hamburg.de\/blog\/?page_id=294"},"modified":"2025-09-06T20:03:39","modified_gmt":"2025-09-06T18:03:39","slug":"videos","status":"publish","type":"page","link":"https:\/\/verhaltens-hypnosetherapie-hamburg.de\/blog\/videos\/","title":{"rendered":"Videos"},"content":{"rendered":"\n<h1>Videos &#8211; Impulse zum Thema psychische Gesundheit und Hypnose<\/h1>\n\n\n\n<div style=\"height:40px\" aria-hidden=\"true\" class=\"wp-block-spacer\"><\/div>\n\n\n\n<h2>Was ist Hypnosetherapie<\/h2>\n\n\n<figure class=\"wp-block-embed wp-block-embed-youtube is-type-video is-provider-youtube epyt-figure\"><div class=\"wp-block-embed__wrapper\"><div class=\"epyt-video-wrapper\"><iframe loading=\"lazy\"  id=\"_ytid_86355\"  width=\"1920\" height=\"1080\"  data-origwidth=\"1920\" data-origheight=\"1080\" src=\"https:\/\/www.youtube.com\/embed\/5dEh-4sb3uc?enablejsapi=1&#038;autoplay=0&#038;cc_load_policy=0&#038;cc_lang_pref=de&#038;iv_load_policy=1&#038;loop=0&#038;modestbranding=0&#038;rel=0&#038;fs=1&#038;playsinline=0&#038;autohide=2&#038;hl=de_DE&#038;theme=dark&#038;color=red&#038;controls=1&#038;\" class=\"__youtube_prefs__  no-lazyload\" title=\"YouTube player\"  allow=\"accelerometer; autoplay; clipboard-write; encrypted-media; gyroscope; picture-in-picture\" allowfullscreen data-no-lazy=\"1\" data-skipgform_ajax_framebjll=\"\"><\/iframe><\/div><\/div><\/figure>\n\n\n<div style=\"height:40px\" aria-hidden=\"true\" class=\"wp-block-spacer\"><\/div>\n\n\n\n<h2>Selbstwertprobleme Ursachen und Heilung<\/h2>\n\n\n<figure class=\"wp-block-embed wp-block-embed-youtube is-type-video is-provider-youtube epyt-figure\"><div class=\"wp-block-embed__wrapper\"><div class=\"epyt-video-wrapper\"><iframe loading=\"lazy\"  id=\"_ytid_90242\"  width=\"1920\" height=\"1080\"  data-origwidth=\"1920\" data-origheight=\"1080\" src=\"https:\/\/www.youtube.com\/embed\/28V0GJCYhJ4?enablejsapi=1&#038;autoplay=0&#038;cc_load_policy=0&#038;cc_lang_pref=de&#038;iv_load_policy=1&#038;loop=0&#038;modestbranding=0&#038;rel=0&#038;fs=1&#038;playsinline=0&#038;autohide=2&#038;hl=de_DE&#038;theme=dark&#038;color=red&#038;controls=1&#038;\" class=\"__youtube_prefs__  no-lazyload\" title=\"YouTube player\"  allow=\"accelerometer; autoplay; clipboard-write; encrypted-media; gyroscope; picture-in-picture\" allowfullscreen data-no-lazy=\"1\" data-skipgform_ajax_framebjll=\"\"><\/iframe><\/div><\/div><\/figure>\n\n\n<div style=\"height:40px\" aria-hidden=\"true\" class=\"wp-block-spacer\"><\/div>\n\n\n\n<h2>Abwehrstrategien und Selbstwertgef\u00fchl<\/h2>\n\n\n<figure class=\"wp-block-embed wp-block-embed-youtube is-type-video is-provider-youtube epyt-figure\"><div class=\"wp-block-embed__wrapper\"><div class=\"epyt-video-wrapper\"><iframe loading=\"lazy\"  id=\"_ytid_16112\"  width=\"1920\" height=\"1080\"  data-origwidth=\"1920\" data-origheight=\"1080\" src=\"https:\/\/www.youtube.com\/embed\/7ElAl6POKi8?enablejsapi=1&#038;autoplay=0&#038;cc_load_policy=0&#038;cc_lang_pref=de&#038;iv_load_policy=1&#038;loop=0&#038;modestbranding=0&#038;rel=0&#038;fs=1&#038;playsinline=0&#038;autohide=2&#038;hl=de_DE&#038;theme=dark&#038;color=red&#038;controls=1&#038;\" class=\"__youtube_prefs__  no-lazyload\" title=\"YouTube player\"  allow=\"accelerometer; autoplay; clipboard-write; encrypted-media; gyroscope; picture-in-picture\" allowfullscreen data-no-lazy=\"1\" data-skipgform_ajax_framebjll=\"\"><\/iframe><\/div><\/div><\/figure>\n\n\n<div style=\"height:40px\" aria-hidden=\"true\" class=\"wp-block-spacer\"><\/div>\n\n\n\n<h2>Verlustangst verstehen und aufl\u00f6sen<\/h2>\n\n\n<figure class=\"wp-block-embed wp-block-embed-youtube is-type-video is-provider-youtube epyt-figure\"><div class=\"wp-block-embed__wrapper\"><div class=\"epyt-video-wrapper\"><iframe loading=\"lazy\"  id=\"_ytid_56840\"  width=\"1920\" height=\"1080\"  data-origwidth=\"1920\" data-origheight=\"1080\" src=\"https:\/\/www.youtube.com\/embed\/deUpfv5QU7I?enablejsapi=1&#038;autoplay=0&#038;cc_load_policy=0&#038;cc_lang_pref=de&#038;iv_load_policy=1&#038;loop=0&#038;modestbranding=0&#038;rel=0&#038;fs=1&#038;playsinline=0&#038;autohide=2&#038;hl=de_DE&#038;theme=dark&#038;color=red&#038;controls=1&#038;\" class=\"__youtube_prefs__  no-lazyload\" title=\"YouTube player\"  allow=\"accelerometer; autoplay; clipboard-write; encrypted-media; gyroscope; picture-in-picture\" allowfullscreen data-no-lazy=\"1\" data-skipgform_ajax_framebjll=\"\"><\/iframe><\/div><\/div><\/figure>\n\n\n<div style=\"height:40px\" aria-hidden=\"true\" class=\"wp-block-spacer\"><\/div>\n\n\n\n<h2>\u00c4ngste verstehen und bew\u00e4ltigen<\/h2>\n\n\n<figure class=\"wp-block-embed wp-block-embed-youtube is-type-video is-provider-youtube epyt-figure\"><div class=\"wp-block-embed__wrapper\"><div class=\"epyt-video-wrapper\"><iframe loading=\"lazy\"  id=\"_ytid_32939\"  width=\"1920\" height=\"1080\"  data-origwidth=\"1920\" data-origheight=\"1080\" src=\"https:\/\/www.youtube.com\/embed\/OkNVHAH25js?enablejsapi=1&#038;autoplay=0&#038;cc_load_policy=0&#038;cc_lang_pref=de&#038;iv_load_policy=1&#038;loop=0&#038;modestbranding=0&#038;rel=0&#038;fs=1&#038;playsinline=0&#038;autohide=2&#038;hl=de_DE&#038;theme=dark&#038;color=red&#038;controls=1&#038;\" class=\"__youtube_prefs__  no-lazyload\" title=\"YouTube player\"  allow=\"accelerometer; autoplay; clipboard-write; encrypted-media; gyroscope; picture-in-picture\" allowfullscreen data-no-lazy=\"1\" data-skipgform_ajax_framebjll=\"\"><\/iframe><\/div><\/div><\/figure>\n\n\n<div style=\"height:40px\" aria-hidden=\"true\" class=\"wp-block-spacer\"><\/div>\n\n\n\n<h2>Bindungsangst &#8211; Ursachen und Bew\u00e4ltigung<\/h2>\n\n\n<figure class=\"wp-block-embed wp-block-embed-youtube is-type-video is-provider-youtube epyt-figure\"><div class=\"wp-block-embed__wrapper\"><div class=\"epyt-video-wrapper\"><iframe loading=\"lazy\"  id=\"_ytid_25682\"  width=\"1920\" height=\"1080\"  data-origwidth=\"1920\" data-origheight=\"1080\" src=\"https:\/\/www.youtube.com\/embed\/H_88NH6ZrBs?enablejsapi=1&#038;autoplay=0&#038;cc_load_policy=0&#038;cc_lang_pref=de&#038;iv_load_policy=1&#038;loop=0&#038;modestbranding=0&#038;rel=0&#038;fs=1&#038;playsinline=0&#038;autohide=2&#038;hl=de_DE&#038;theme=dark&#038;color=red&#038;controls=1&#038;\" class=\"__youtube_prefs__  no-lazyload\" title=\"YouTube player\"  allow=\"accelerometer; autoplay; clipboard-write; encrypted-media; gyroscope; picture-in-picture\" allowfullscreen data-no-lazy=\"1\" data-skipgform_ajax_framebjll=\"\"><\/iframe><\/div><\/div><\/figure>\n\n\n<div style=\"height:40px\" aria-hidden=\"true\" class=\"wp-block-spacer\"><\/div>\n\n\n\n<h2>Burnout &#8211; Anzeichen und Entstehung<\/h2>\n\n\n<figure class=\"wp-block-embed wp-block-embed-youtube is-type-video is-provider-youtube epyt-figure\"><div class=\"wp-block-embed__wrapper\"><div class=\"epyt-video-wrapper\"><iframe loading=\"lazy\"  id=\"_ytid_35720\"  width=\"1920\" height=\"1080\"  data-origwidth=\"1920\" data-origheight=\"1080\" src=\"https:\/\/www.youtube.com\/embed\/TOMoBOvXRdY?enablejsapi=1&#038;autoplay=0&#038;cc_load_policy=0&#038;cc_lang_pref=de&#038;iv_load_policy=1&#038;loop=0&#038;modestbranding=0&#038;rel=0&#038;fs=1&#038;playsinline=0&#038;autohide=2&#038;hl=de_DE&#038;theme=dark&#038;color=red&#038;controls=1&#038;\" class=\"__youtube_prefs__  no-lazyload\" title=\"YouTube player\"  allow=\"accelerometer; autoplay; clipboard-write; encrypted-media; gyroscope; picture-in-picture\" allowfullscreen data-no-lazy=\"1\" data-skipgform_ajax_framebjll=\"\"><\/iframe><\/div><\/div><\/figure>\n\n\n<div style=\"height:40px\" aria-hidden=\"true\" class=\"wp-block-spacer\"><\/div>\n\n\n\n<h2>Burnout &#8211; Ursachen und Therapie<\/h2>\n\n\n<figure class=\"wp-block-embed wp-block-embed-youtube is-type-video is-provider-youtube epyt-figure\"><div class=\"wp-block-embed__wrapper\"><div class=\"epyt-video-wrapper\"><iframe loading=\"lazy\"  id=\"_ytid_49883\"  width=\"1920\" height=\"1080\"  data-origwidth=\"1920\" data-origheight=\"1080\" src=\"https:\/\/www.youtube.com\/embed\/gN-oHrjgrMw?enablejsapi=1&#038;autoplay=0&#038;cc_load_policy=0&#038;cc_lang_pref=de&#038;iv_load_policy=1&#038;loop=0&#038;modestbranding=0&#038;rel=0&#038;fs=1&#038;playsinline=0&#038;autohide=2&#038;hl=de_DE&#038;theme=dark&#038;color=red&#038;controls=1&#038;\" class=\"__youtube_prefs__  no-lazyload\" title=\"YouTube player\"  allow=\"accelerometer; autoplay; clipboard-write; encrypted-media; gyroscope; picture-in-picture\" allowfullscreen data-no-lazy=\"1\" data-skipgform_ajax_framebjll=\"\"><\/iframe><\/div><\/div><\/figure>\n\n\n<div style=\"height:40px\" aria-hidden=\"true\" class=\"wp-block-spacer\"><\/div>\n\n\n\n<h2>Depression &#8211; Anzeichen und Entstehung<\/h2>\n\n\n<figure class=\"wp-block-embed wp-block-embed-youtube is-type-video is-provider-youtube epyt-figure\"><div class=\"wp-block-embed__wrapper\"><div class=\"epyt-video-wrapper\"><iframe loading=\"lazy\"  id=\"_ytid_83259\"  width=\"1920\" height=\"1080\"  data-origwidth=\"1920\" data-origheight=\"1080\" src=\"https:\/\/www.youtube.com\/embed\/DbEW6KYVBf0?enablejsapi=1&#038;autoplay=0&#038;cc_load_policy=0&#038;cc_lang_pref=de&#038;iv_load_policy=1&#038;loop=0&#038;modestbranding=0&#038;rel=0&#038;fs=1&#038;playsinline=0&#038;autohide=2&#038;hl=de_DE&#038;theme=dark&#038;color=red&#038;controls=1&#038;\" class=\"__youtube_prefs__  no-lazyload\" title=\"YouTube player\"  allow=\"accelerometer; autoplay; clipboard-write; encrypted-media; gyroscope; picture-in-picture\" allowfullscreen data-no-lazy=\"1\" data-skipgform_ajax_framebjll=\"\"><\/iframe><\/div><\/div><\/figure>\n\n\n<div style=\"height:40px\" aria-hidden=\"true\" class=\"wp-block-spacer\"><\/div>\n\n\n\n<h2>M\u00f6gliche Ursachen von Depressionen<\/h2>\n\n\n<figure class=\"wp-block-embed wp-block-embed-youtube is-type-video is-provider-youtube epyt-figure\"><div class=\"wp-block-embed__wrapper\"><div class=\"epyt-video-wrapper\"><iframe loading=\"lazy\"  id=\"_ytid_35419\"  width=\"1920\" height=\"1080\"  data-origwidth=\"1920\" data-origheight=\"1080\" src=\"https:\/\/www.youtube.com\/embed\/8r7TRmsvqug?enablejsapi=1&#038;autoplay=0&#038;cc_load_policy=0&#038;cc_lang_pref=de&#038;iv_load_policy=1&#038;loop=0&#038;modestbranding=0&#038;rel=0&#038;fs=1&#038;playsinline=0&#038;autohide=2&#038;hl=de_DE&#038;theme=dark&#038;color=red&#038;controls=1&#038;\" class=\"__youtube_prefs__  no-lazyload\" title=\"YouTube player\"  allow=\"accelerometer; autoplay; clipboard-write; encrypted-media; gyroscope; picture-in-picture\" allowfullscreen data-no-lazy=\"1\" data-skipgform_ajax_framebjll=\"\"><\/iframe><\/div><\/div><\/figure>\n\n\n<div style=\"height:40px\" aria-hidden=\"true\" class=\"wp-block-spacer\"><\/div>\n\n\n\n<h2>Hochsensibilit\u00e4t erkennen und positiv gestalten<\/h2>\n\n\n<figure class=\"wp-block-embed wp-block-embed-youtube is-type-video is-provider-youtube epyt-figure\"><div class=\"wp-block-embed__wrapper\"><div class=\"epyt-video-wrapper\"><iframe loading=\"lazy\"  id=\"_ytid_20285\"  width=\"1920\" height=\"1080\"  data-origwidth=\"1920\" data-origheight=\"1080\" src=\"https:\/\/www.youtube.com\/embed\/6R_SIFfFGRo?enablejsapi=1&#038;autoplay=0&#038;cc_load_policy=0&#038;cc_lang_pref=de&#038;iv_load_policy=1&#038;loop=0&#038;modestbranding=0&#038;rel=0&#038;fs=1&#038;playsinline=0&#038;autohide=2&#038;hl=de_DE&#038;theme=dark&#038;color=red&#038;controls=1&#038;\" class=\"__youtube_prefs__  no-lazyload\" title=\"YouTube player\"  allow=\"accelerometer; autoplay; clipboard-write; encrypted-media; gyroscope; picture-in-picture\" allowfullscreen data-no-lazy=\"1\" data-skipgform_ajax_framebjll=\"\"><\/iframe><\/div><\/div><\/figure>\n\n\n<div style=\"height:40px\" aria-hidden=\"true\" class=\"wp-block-spacer\"><\/div>\n\n\n\n<h2>Trauer und Verlust<\/h2>\n\n\n<figure class=\"wp-block-embed wp-block-embed-youtube is-type-video is-provider-youtube epyt-figure\"><div class=\"wp-block-embed__wrapper\"><div class=\"epyt-video-wrapper\"><iframe loading=\"lazy\"  id=\"_ytid_64088\"  width=\"1920\" height=\"1080\"  data-origwidth=\"1920\" data-origheight=\"1080\" src=\"https:\/\/www.youtube.com\/embed\/MG7NueYCDQc?enablejsapi=1&#038;autoplay=0&#038;cc_load_policy=0&#038;cc_lang_pref=de&#038;iv_load_policy=1&#038;loop=0&#038;modestbranding=0&#038;rel=0&#038;fs=1&#038;playsinline=0&#038;autohide=2&#038;hl=de_DE&#038;theme=dark&#038;color=red&#038;controls=1&#038;\" class=\"__youtube_prefs__  no-lazyload\" title=\"YouTube player\"  allow=\"accelerometer; autoplay; clipboard-write; encrypted-media; gyroscope; picture-in-picture\" allowfullscreen data-no-lazy=\"1\" data-skipgform_ajax_framebjll=\"\"><\/iframe><\/div><\/div><\/figure>\n\n\n<div style=\"height:40px\" aria-hidden=\"true\" class=\"wp-block-spacer\"><\/div>\n\n\n\n<h2>Trauerbew\u00e4ltigung im Todesfall<\/h2>\n\n\n<figure class=\"wp-block-embed wp-block-embed-youtube is-type-video is-provider-youtube epyt-figure\"><div class=\"wp-block-embed__wrapper\"><div class=\"epyt-video-wrapper\"><iframe loading=\"lazy\"  id=\"_ytid_43541\"  width=\"1920\" height=\"1080\"  data-origwidth=\"1920\" data-origheight=\"1080\" src=\"https:\/\/www.youtube.com\/embed\/Ozv7LTK7TRk?enablejsapi=1&#038;autoplay=0&#038;cc_load_policy=0&#038;cc_lang_pref=de&#038;iv_load_policy=1&#038;loop=0&#038;modestbranding=0&#038;rel=0&#038;fs=1&#038;playsinline=0&#038;autohide=2&#038;hl=de_DE&#038;theme=dark&#038;color=red&#038;controls=1&#038;\" class=\"__youtube_prefs__  no-lazyload\" title=\"YouTube player\"  allow=\"accelerometer; autoplay; clipboard-write; encrypted-media; gyroscope; picture-in-picture\" allowfullscreen data-no-lazy=\"1\" data-skipgform_ajax_framebjll=\"\"><\/iframe><\/div><\/div><\/figure>\n\n\n<div style=\"height:40px\" aria-hidden=\"true\" class=\"wp-block-spacer\"><\/div>\n\n\n\n<h2>Trennung und Scheidung verarbeiten<\/h2>\n\n\n<figure class=\"wp-block-embed wp-block-embed-youtube is-type-video is-provider-youtube epyt-figure\"><div class=\"wp-block-embed__wrapper\"><div class=\"epyt-video-wrapper\"><iframe loading=\"lazy\"  id=\"_ytid_70370\"  width=\"1920\" height=\"1080\"  data-origwidth=\"1920\" data-origheight=\"1080\" src=\"https:\/\/www.youtube.com\/embed\/ZhezyAKSq9o?enablejsapi=1&#038;autoplay=0&#038;cc_load_policy=0&#038;cc_lang_pref=de&#038;iv_load_policy=1&#038;loop=0&#038;modestbranding=0&#038;rel=0&#038;fs=1&#038;playsinline=0&#038;autohide=2&#038;hl=de_DE&#038;theme=dark&#038;color=red&#038;controls=1&#038;\" class=\"__youtube_prefs__  no-lazyload\" title=\"YouTube player\"  allow=\"accelerometer; autoplay; clipboard-write; encrypted-media; gyroscope; picture-in-picture\" allowfullscreen data-no-lazy=\"1\" data-skipgform_ajax_framebjll=\"\"><\/iframe><\/div><\/div><\/figure>","protected":false},"excerpt":{"rendered":"<p>Videos &#8211; Impulse zum Thema psychische Gesundheit und Hypnose Was ist Hypnosetherapie Selbstwertprobleme Ursachen und Heilung Abwehrstrategien und Selbstwertgef\u00fchl Verlustangst verstehen und aufl\u00f6sen \u00c4ngste verstehen und bew\u00e4ltigen Bindungsangst &#8211; Ursachen und Bew\u00e4ltigung Burnout &#8211; Anzeichen und Entstehung Burnout &#8211; Ursachen und Therapie Depression &#8211; Anzeichen und Entstehung M\u00f6gliche Ursachen von Depressionen Hochsensibilit\u00e4t erkennen und positiv <a href=\"https:\/\/verhaltens-hypnosetherapie-hamburg.de\/blog\/videos\/\" class=\"more-link\">&#8230;<span class=\"screen-reader-text\">  Videos<\/span><\/a><\/p>\n","protected":false},"author":2,"featured_media":0,"parent":0,"menu_order":0,"comment_status":"closed","ping_status":"closed","template":"","meta":[],"yoast_head":"<!-- This site is optimized with the Yoast SEO plugin v19.10 - https:\/\/yoast.com\/wordpress\/plugins\/seo\/ -->\n<title>Videos | Hypnosetherapie in Hamburg<\/title>\n<meta name=\"description\" content=\"Erkl\u00e4rvideos zum Thema psychische Gesundheit, Psychotherapie mit Hypnose und alternative Heilmethoden. Praxis Wiebke Meyerding in Hamburg\" \/>\n<meta name=\"robots\" content=\"index, follow, max-snippet:-1, max-image-preview:large, max-video-preview:-1\" \/>\n<link rel=\"canonical\" href=\"https:\/\/verhaltens-hypnosetherapie-hamburg.de\/blog\/videos\/\" \/>\n<meta property=\"og:locale\" content=\"de_DE\" \/>\n<meta property=\"og:type\" content=\"article\" \/>\n<meta property=\"og:title\" content=\"Videos | Hypnosetherapie in Hamburg\" \/>\n<meta property=\"og:description\" content=\"Erkl\u00e4rvideos zum Thema psychische Gesundheit, Psychotherapie mit Hypnose und alternative Heilmethoden. Praxis Wiebke Meyerding in Hamburg\" \/>\n<meta property=\"og:url\" content=\"https:\/\/verhaltens-hypnosetherapie-hamburg.de\/blog\/videos\/\" \/>\n<meta property=\"og:site_name\" content=\"Praxis f\u00fcr Verhaltens- und Hypnosetherapie Hamburg\" \/>\n<meta property=\"article:modified_time\" content=\"2025-09-06T18:03:39+00:00\" \/>\n<meta name=\"twitter:card\" content=\"summary_large_image\" \/>\n<meta name=\"twitter:label1\" content=\"Gesch\u00e4tzte Lesezeit\" \/>\n\t<meta name=\"twitter:data1\" content=\"1\u00a0Minute\" \/>\n<script type=\"application\/ld+json\" class=\"yoast-schema-graph\">{\"@context\":\"https:\/\/schema.org\",\"@graph\":[{\"@type\":\"WebPage\",\"@id\":\"https:\/\/verhaltens-hypnosetherapie-hamburg.de\/blog\/videos\/\",\"url\":\"https:\/\/verhaltens-hypnosetherapie-hamburg.de\/blog\/videos\/\",\"name\":\"Videos | Hypnosetherapie in Hamburg\",\"isPartOf\":{\"@id\":\"https:\/\/verhaltens-hypnosetherapie-hamburg.de\/blog\/#website\"},\"datePublished\":\"2021-02-07T11:40:58+00:00\",\"dateModified\":\"2025-09-06T18:03:39+00:00\",\"description\":\"Erkl\u00e4rvideos zum Thema psychische Gesundheit, Psychotherapie mit Hypnose und alternative Heilmethoden. Praxis Wiebke Meyerding in Hamburg\",\"breadcrumb\":{\"@id\":\"https:\/\/verhaltens-hypnosetherapie-hamburg.de\/blog\/videos\/#breadcrumb\"},\"inLanguage\":\"de\",\"potentialAction\":[{\"@type\":\"ReadAction\",\"target\":[\"https:\/\/verhaltens-hypnosetherapie-hamburg.de\/blog\/videos\/\"]}]},{\"@type\":\"BreadcrumbList\",\"@id\":\"https:\/\/verhaltens-hypnosetherapie-hamburg.de\/blog\/videos\/#breadcrumb\",\"itemListElement\":[{\"@type\":\"ListItem\",\"position\":1,\"name\":\"Startseite\",\"item\":\"https:\/\/verhaltens-hypnosetherapie-hamburg.de\/blog\/\"},{\"@type\":\"ListItem\",\"position\":2,\"name\":\"Videos\"}]},{\"@type\":\"WebSite\",\"@id\":\"https:\/\/verhaltens-hypnosetherapie-hamburg.de\/blog\/#website\",\"url\":\"https:\/\/verhaltens-hypnosetherapie-hamburg.de\/blog\/\",\"name\":\"Praxis f\u00fcr Verhaltens- und Hypnosetherapie Hamburg\",\"description\":\"Wiebke Meyerding\",\"publisher\":{\"@id\":\"https:\/\/verhaltens-hypnosetherapie-hamburg.de\/blog\/#\/schema\/person\/a6a3e9e14cbf7e0f78fc2e72b6d3bd8e\"},\"potentialAction\":[{\"@type\":\"SearchAction\",\"target\":{\"@type\":\"EntryPoint\",\"urlTemplate\":\"https:\/\/verhaltens-hypnosetherapie-hamburg.de\/blog\/?s={search_term_string}\"},\"query-input\":\"required name=search_term_string\"}],\"inLanguage\":\"de\"},{\"@type\":[\"Person\",\"Organization\"],\"@id\":\"https:\/\/verhaltens-hypnosetherapie-hamburg.de\/blog\/#\/schema\/person\/a6a3e9e14cbf7e0f78fc2e72b6d3bd8e\",\"name\":\"Wiebke Meyerding\",\"image\":{\"@type\":\"ImageObject\",\"inLanguage\":\"de\",\"@id\":\"https:\/\/verhaltens-hypnosetherapie-hamburg.de\/blog\/#\/schema\/person\/image\/\",\"url\":\"https:\/\/secure.gravatar.com\/avatar\/3501b3d0c8983257a589f4a0314c9bd7?s=96&d=mm&r=g\",\"contentUrl\":\"https:\/\/secure.gravatar.com\/avatar\/3501b3d0c8983257a589f4a0314c9bd7?s=96&d=mm&r=g\",\"caption\":\"Wiebke Meyerding\"},\"logo\":{\"@id\":\"https:\/\/verhaltens-hypnosetherapie-hamburg.de\/blog\/#\/schema\/person\/image\/\"}}]}<\/script>\n<!-- \/ Yoast SEO plugin. -->","yoast_head_json":{"title":"Videos | Hypnosetherapie in Hamburg","description":"Erkl\u00e4rvideos zum Thema psychische Gesundheit, Psychotherapie mit Hypnose und alternative Heilmethoden. Praxis Wiebke Meyerding in Hamburg","robots":{"index":"index","follow":"follow","max-snippet":"max-snippet:-1","max-image-preview":"max-image-preview:large","max-video-preview":"max-video-preview:-1"},"canonical":"https:\/\/verhaltens-hypnosetherapie-hamburg.de\/blog\/videos\/","og_locale":"de_DE","og_type":"article","og_title":"Videos | Hypnosetherapie in Hamburg","og_description":"Erkl\u00e4rvideos zum Thema psychische Gesundheit, Psychotherapie mit Hypnose und alternative Heilmethoden. Praxis Wiebke Meyerding in Hamburg","og_url":"https:\/\/verhaltens-hypnosetherapie-hamburg.de\/blog\/videos\/","og_site_name":"Praxis f\u00fcr Verhaltens- und Hypnosetherapie Hamburg","article_modified_time":"2025-09-06T18:03:39+00:00","twitter_card":"summary_large_image","twitter_misc":{"Gesch\u00e4tzte Lesezeit":"1\u00a0Minute"},"schema":{"@context":"https:\/\/schema.org","@graph":[{"@type":"WebPage","@id":"https:\/\/verhaltens-hypnosetherapie-hamburg.de\/blog\/videos\/","url":"https:\/\/verhaltens-hypnosetherapie-hamburg.de\/blog\/videos\/","name":"Videos | Hypnosetherapie in Hamburg","isPartOf":{"@id":"https:\/\/verhaltens-hypnosetherapie-hamburg.de\/blog\/#website"},"datePublished":"2021-02-07T11:40:58+00:00","dateModified":"2025-09-06T18:03:39+00:00","description":"Erkl\u00e4rvideos zum Thema psychische Gesundheit, Psychotherapie mit Hypnose und alternative Heilmethoden. Praxis Wiebke Meyerding in Hamburg","breadcrumb":{"@id":"https:\/\/verhaltens-hypnosetherapie-hamburg.de\/blog\/videos\/#breadcrumb"},"inLanguage":"de","potentialAction":[{"@type":"ReadAction","target":["https:\/\/verhaltens-hypnosetherapie-hamburg.de\/blog\/videos\/"]}]},{"@type":"BreadcrumbList","@id":"https:\/\/verhaltens-hypnosetherapie-hamburg.de\/blog\/videos\/#breadcrumb","itemListElement":[{"@type":"ListItem","position":1,"name":"Startseite","item":"https:\/\/verhaltens-hypnosetherapie-hamburg.de\/blog\/"},{"@type":"ListItem","position":2,"name":"Videos"}]},{"@type":"WebSite","@id":"https:\/\/verhaltens-hypnosetherapie-hamburg.de\/blog\/#website","url":"https:\/\/verhaltens-hypnosetherapie-hamburg.de\/blog\/","name":"Praxis f\u00fcr Verhaltens- und Hypnosetherapie Hamburg","description":"Wiebke Meyerding","publisher":{"@id":"https:\/\/verhaltens-hypnosetherapie-hamburg.de\/blog\/#\/schema\/person\/a6a3e9e14cbf7e0f78fc2e72b6d3bd8e"},"potentialAction":[{"@type":"SearchAction","target":{"@type":"EntryPoint","urlTemplate":"https:\/\/verhaltens-hypnosetherapie-hamburg.de\/blog\/?s={search_term_string}"},"query-input":"required name=search_term_string"}],"inLanguage":"de"},{"@type":["Person","Organization"],"@id":"https:\/\/verhaltens-hypnosetherapie-hamburg.de\/blog\/#\/schema\/person\/a6a3e9e14cbf7e0f78fc2e72b6d3bd8e","name":"Wiebke Meyerding","image":{"@type":"ImageObject","inLanguage":"de","@id":"https:\/\/verhaltens-hypnosetherapie-hamburg.de\/blog\/#\/schema\/person\/image\/","url":"https:\/\/secure.gravatar.com\/avatar\/3501b3d0c8983257a589f4a0314c9bd7?s=96&d=mm&r=g","contentUrl":"https:\/\/secure.gravatar.com\/avatar\/3501b3d0c8983257a589f4a0314c9bd7?s=96&d=mm&r=g","caption":"Wiebke Meyerding"},"logo":{"@id":"https:\/\/verhaltens-hypnosetherapie-hamburg.de\/blog\/#\/schema\/person\/image\/"}}]}},"_links":{"self":[{"href":"https:\/\/verhaltens-hypnosetherapie-hamburg.de\/blog\/wp-json\/wp\/v2\/pages\/294"}],"collection":[{"href":"https:\/\/verhaltens-hypnosetherapie-hamburg.de\/blog\/wp-json\/wp\/v2\/pages"}],"about":[{"href":"https:\/\/verhaltens-hypnosetherapie-hamburg.de\/blog\/wp-json\/wp\/v2\/types\/page"}],"author":[{"embeddable":true,"href":"https:\/\/verhaltens-hypnosetherapie-hamburg.de\/blog\/wp-json\/wp\/v2\/users\/2"}],"replies":[{"embeddable":true,"href":"https:\/\/verhaltens-hypnosetherapie-hamburg.de\/blog\/wp-json\/wp\/v2\/comments?post=294"}],"version-history":[{"count":27,"href":"https:\/\/verhaltens-hypnosetherapie-hamburg.de\/blog\/wp-json\/wp\/v2\/pages\/294\/revisions"}],"predecessor-version":[{"id":681,"href":"https:\/\/verhaltens-hypnosetherapie-hamburg.de\/blog\/wp-json\/wp\/v2\/pages\/294\/revisions\/681"}],"wp:attachment":[{"href":"https:\/\/verhaltens-hypnosetherapie-hamburg.de\/blog\/wp-json\/wp\/v2\/media?parent=294"}],"curies":[{"name":"wp","href":"https:\/\/api.w.org\/{rel}","templated":true}]}}